{"id":45553,"date":"2021-06-07T05:59:37","date_gmt":"2021-06-07T03:59:37","guid":{"rendered":"https:\/\/tda-hr.de\/?page_id=45553"},"modified":"2024-02-15T09:50:23","modified_gmt":"2024-02-15T08:50:23","slug":"impressum-2","status":"publish","type":"page","link":"https:\/\/tda-hr.de\/en\/impressum-2\/","title":{"rendered":"Impressum"},"content":{"rendered":"<div data-elementor-type=\"wp-page\" data-elementor-id=\"45553\" class=\"elementor elementor-45553\" data-elementor-post-type=\"page\">\n\t\t\t\t\t\t<section class=\"elementor-section elementor-top-section elementor-element elementor-element-ea13e3f elementor-section-full_width elementor-section-height-min-height elementor-section-height-default elementor-section-items-middle\" data-id=\"ea13e3f\" data-element_type=\"section\" data-settings=\"{&quot;background_background&quot;:&quot;gradient&quot;,&quot;shape_divider_top&quot;:&quot;opacity-tilt&quot;,&quot;shape_divider_bottom&quot;:&quot;opacity-tilt&quot;}\">\n\t\t\t\t\t<div class=\"elementor-shape elementor-shape-top\" data-negative=\"false\">\n\t\t\t<svg xmlns=\"http:\/\/www.w3.org\/2000\/svg\" viewbox=\"0 0 2600 131.1\" preserveaspectratio=\"none\">\n\t<path class=\"elementor-shape-fill\" d=\"M0 0L2600 0 2600 69.1 0 0z\"\/>\n\t<path class=\"elementor-shape-fill\" style=\"opacity:0.5\" d=\"M0 0L2600 0 2600 69.1 0 69.1z\"\/>\n\t<path class=\"elementor-shape-fill\" style=\"opacity:0.25\" d=\"M2600 0L0 0 0 130.1 2600 69.1z\"\/>\n<\/svg>\t\t<\/div>\n\t\t\t\t<div class=\"elementor-shape elementor-shape-bottom\" data-negative=\"false\">\n\t\t\t<svg xmlns=\"http:\/\/www.w3.org\/2000\/svg\" viewbox=\"0 0 2600 131.1\" preserveaspectratio=\"none\">\n\t<path class=\"elementor-shape-fill\" d=\"M0 0L2600 0 2600 69.1 0 0z\"\/>\n\t<path class=\"elementor-shape-fill\" style=\"opacity:0.5\" d=\"M0 0L2600 0 2600 69.1 0 69.1z\"\/>\n\t<path class=\"elementor-shape-fill\" style=\"opacity:0.25\" d=\"M2600 0L0 0 0 130.1 2600 69.1z\"\/>\n<\/svg>\t\t<\/div>\n\t\t\t\t\t<div class=\"elementor-container elementor-column-gap-default\">\n\t\t\t\t\t<div class=\"elementor-column elementor-col-100 elementor-top-column elementor-element elementor-element-1304d14\" data-id=\"1304d14\" data-element_type=\"column\">\n\t\t\t<div class=\"elementor-widget-wrap\">\n\t\t\t\t\t\t\t<\/div>\n\t\t<\/div>\n\t\t\t\t\t<\/div>\n\t\t<\/section>\n\t\t\t\t<section class=\"elementor-section elementor-top-section elementor-element elementor-element-5a0b8c88 elementor-section-stretched elementor-section-boxed elementor-section-height-default elementor-section-height-default\" data-id=\"5a0b8c88\" data-element_type=\"section\" id=\"service\" data-settings=\"{&quot;stretch_section&quot;:&quot;section-stretched&quot;,&quot;background_background&quot;:&quot;classic&quot;}\">\n\t\t\t\t\t\t<div class=\"elementor-container elementor-column-gap-default\">\n\t\t\t\t\t<div class=\"elementor-column elementor-col-100 elementor-top-column elementor-element elementor-element-53047461\" data-id=\"53047461\" data-element_type=\"column\" data-settings=\"{&quot;background_background&quot;:&quot;classic&quot;}\">\n\t\t\t<div class=\"elementor-widget-wrap elementor-element-populated\">\n\t\t\t\t\t\t<section class=\"elementor-section elementor-inner-section elementor-element elementor-element-64c8b6ef elementor-section-boxed elementor-section-height-default elementor-section-height-default\" data-id=\"64c8b6ef\" data-element_type=\"section\">\n\t\t\t\t\t\t<div class=\"elementor-container elementor-column-gap-default\">\n\t\t\t\t\t<div class=\"elementor-column elementor-col-33 elementor-inner-column elementor-element elementor-element-32f57788\" data-id=\"32f57788\" data-element_type=\"column\" data-settings=\"{&quot;background_background&quot;:&quot;classic&quot;}\">\n\t\t\t<div class=\"elementor-widget-wrap\">\n\t\t\t\t\t\t\t<\/div>\n\t\t<\/div>\n\t\t\t\t<div class=\"elementor-column elementor-col-33 elementor-inner-column elementor-element elementor-element-5fe422df\" data-id=\"5fe422df\" data-element_type=\"column\">\n\t\t\t<div class=\"elementor-widget-wrap elementor-element-populated\">\n\t\t\t\t\t\t<div class=\"elementor-element elementor-element-62f8cf26 elementor-invisible elementor-widget elementor-widget-heading\" data-id=\"62f8cf26\" data-element_type=\"widget\" data-settings=\"{&quot;_animation&quot;:&quot;fadeInUp&quot;,&quot;_animation_delay&quot;:200}\" data-widget_type=\"heading.default\">\n\t\t\t\t<div class=\"elementor-widget-container\">\n\t\t\t<h6 class=\"elementor-heading-title elementor-size-default\">TDA-HR-Software-Entwicklungs GmbH<\/h6>\t\t<\/div>\n\t\t\t\t<\/div>\n\t\t\t\t<div class=\"elementor-element elementor-element-1399c7a2 elementor-invisible elementor-widget elementor-widget-heading\" data-id=\"1399c7a2\" data-element_type=\"widget\" data-settings=\"{&quot;_animation&quot;:&quot;fadeInUp&quot;,&quot;_animation_delay&quot;:400}\" data-widget_type=\"heading.default\">\n\t\t\t\t<div class=\"elementor-widget-container\">\n\t\t\t<h3 class=\"elementor-heading-title elementor-size-default\">Impressum<\/h3>\t\t<\/div>\n\t\t\t\t<\/div>\n\t\t\t\t\t<\/div>\n\t\t<\/div>\n\t\t\t\t<div class=\"elementor-column elementor-col-33 elementor-inner-column elementor-element elementor-element-53c4f7ea\" data-id=\"53c4f7ea\" data-element_type=\"column\" data-settings=\"{&quot;background_background&quot;:&quot;classic&quot;}\">\n\t\t\t<div class=\"elementor-widget-wrap\">\n\t\t\t\t\t\t\t<\/div>\n\t\t<\/div>\n\t\t\t\t\t<\/div>\n\t\t<\/section>\n\t\t\t\t<section class=\"elementor-section elementor-inner-section elementor-element elementor-element-1dc18168 elementor-section-height-min-height elementor-section-boxed elementor-section-height-default\" data-id=\"1dc18168\" data-element_type=\"section\" id=\"about\">\n\t\t\t\t\t\t<div class=\"elementor-container elementor-column-gap-default\">\n\t\t\t\t\t<div class=\"elementor-column elementor-col-100 elementor-inner-column elementor-element elementor-element-54dd6634 radiantthemes-retina\" data-id=\"54dd6634\" data-element_type=\"column\">\n\t\t\t<div class=\"elementor-widget-wrap elementor-element-populated\">\n\t\t\t\t\t\t<div class=\"elementor-element elementor-element-d56fcbe elementor-widget__width-initial elementor-widget-tablet__width-initial elementor-absolute elementor-widget elementor-widget-image\" data-id=\"d56fcbe\" data-element_type=\"widget\" data-settings=\"{&quot;_position&quot;:&quot;absolute&quot;}\" data-widget_type=\"image.default\">\n\t\t\t\t<div class=\"elementor-widget-container\">\n\t\t\t\t\t\t\t\t\t\t\t\t\t<img fetchpriority=\"high\" decoding=\"async\" width=\"539\" height=\"637\" src=\"https:\/\/tda-hr.de\/wp-content\/uploads\/revslider\/slider-31\/sftk03-bg01.png\" class=\"attachment-medium_large size-medium_large wp-image-88674\" alt=\"\" srcset=\"https:\/\/tda-hr.de\/wp-content\/uploads\/revslider\/slider-31\/sftk03-bg01.png 539w, https:\/\/tda-hr.de\/wp-content\/uploads\/revslider\/slider-31\/sftk03-bg01-254x300.png 254w\" sizes=\"(max-width: 539px) 100vw, 539px\" \/>\t\t\t\t\t\t\t\t\t\t\t\t\t<\/div>\n\t\t\t\t<\/div>\n\t\t\t\t<div class=\"elementor-element elementor-element-2479abac elementor-widget elementor-widget-text-editor\" data-id=\"2479abac\" data-element_type=\"widget\" data-widget_type=\"text-editor.default\">\n\t\t\t\t<div class=\"elementor-widget-container\">\n\t\t\t\t\t\t\t<p>Informationspflicht laut \u00a7 5 TMG.<\/p>\n<p class=\"adsimple-321219685\">TDA-HR-Software-Entwicklungs GmbH<br>Schlo\u00df H\u00fclchrath 1 \u2013 Vorburg,<br>41516 Grevenbroich-H\u00fclchrath ,<br>Deutschland<\/p>\n<p class=\"adsimple-321219685\"><strong>UID-Nummer:<\/strong> DE815284428<br><strong>Register:<\/strong> Handelsregister<br><strong>Registernummer:<\/strong> HRB 15293<br><strong>Registergericht:<\/strong> Amtsgericht M\u00f6nchengladbach<\/p>\n<p class=\"adsimple-321219685\"><strong>Tel.:<\/strong> 02182\/82714-0<br><strong>Fax:<\/strong> 02182\/82714-29<br><strong>E-Mail:<\/strong> <a href=\"mailto:mark.lohrer@tda-hr.de\">mark.lohrer@tda-hr.de <\/a><\/p>\n<p class=\"adsimple-321219685\"><strong>Gesch\u00e4ftsf\u00fchrer:<\/strong><br>Mark Lohrer<\/p>\t\t\t\t\t\t<\/div>\n\t\t\t\t<\/div>\n\t\t\t\t\t<\/div>\n\t\t<\/div>\n\t\t\t\t\t<\/div>\n\t\t<\/section>\n\t\t\t\t\t<\/div>\n\t\t<\/div>\n\t\t\t\t\t<\/div>\n\t\t<\/section>\n\t\t\t\t<section class=\"elementor-section elementor-top-section elementor-element elementor-element-7a764b5 elementor-section-full_width elementor-section-stretched elementor-section-height-default elementor-section-height-default\" data-id=\"7a764b5\" data-element_type=\"section\" data-settings=\"{&quot;stretch_section&quot;:&quot;section-stretched&quot;}\">\n\t\t\t\t\t\t<div class=\"elementor-container elementor-column-gap-default\">\n\t\t\t\t\t<div class=\"elementor-column elementor-col-25 elementor-top-column elementor-element elementor-element-a8c7aca\" data-id=\"a8c7aca\" data-element_type=\"column\">\n\t\t\t<div class=\"elementor-widget-wrap elementor-element-populated\">\n\t\t\t\t\t\t<div class=\"elementor-element elementor-element-56fd0a0 elementor-widget elementor-widget-image\" data-id=\"56fd0a0\" data-element_type=\"widget\" data-widget_type=\"image.default\">\n\t\t\t\t<div class=\"elementor-widget-container\">\n\t\t\t\t\t\t\t\t\t\t\t\t\t<img decoding=\"async\" width=\"1182\" height=\"229\" src=\"https:\/\/tda-hr.de\/wp-content\/uploads\/2022\/07\/Wir-sind-Dienstplan_schwarz.png\" class=\"attachment-full size-full wp-image-89286\" alt=\"\" srcset=\"https:\/\/tda-hr.de\/wp-content\/uploads\/2022\/07\/Wir-sind-Dienstplan_schwarz.png 1182w, https:\/\/tda-hr.de\/wp-content\/uploads\/2022\/07\/Wir-sind-Dienstplan_schwarz-300x58.png 300w, https:\/\/tda-hr.de\/wp-content\/uploads\/2022\/07\/Wir-sind-Dienstplan_schwarz-1024x198.png 1024w, https:\/\/tda-hr.de\/wp-content\/uploads\/2022\/07\/Wir-sind-Dienstplan_schwarz-768x149.png 768w\" sizes=\"(max-width: 1182px) 100vw, 1182px\" \/>\t\t\t\t\t\t\t\t\t\t\t\t\t<\/div>\n\t\t\t\t<\/div>\n\t\t\t\t\t<\/div>\n\t\t<\/div>\n\t\t\t\t<div class=\"elementor-column elementor-col-25 elementor-top-column elementor-element elementor-element-471ff24\" data-id=\"471ff24\" data-element_type=\"column\">\n\t\t\t<div class=\"elementor-widget-wrap elementor-element-populated\">\n\t\t\t\t\t\t<div class=\"elementor-element elementor-element-f6d2561 elementor-nav-menu__align-center elementor-nav-menu--dropdown-tablet elementor-nav-menu__text-align-aside elementor-nav-menu--toggle elementor-nav-menu--burger elementor-widget elementor-widget-nav-menu\" data-id=\"f6d2561\" data-element_type=\"widget\" data-settings=\"{&quot;layout&quot;:&quot;vertical&quot;,&quot;submenu_icon&quot;:{&quot;value&quot;:&quot;&lt;i class=\\&quot;fas fa-caret-down\\&quot;&gt;&lt;\\\/i&gt;&quot;,&quot;library&quot;:&quot;fa-solid&quot;},&quot;toggle&quot;:&quot;burger&quot;}\" data-widget_type=\"nav-menu.default\">\n\t\t\t\t<div class=\"elementor-widget-container\">\n\t\t\t\t\t\t<nav class=\"elementor-nav-menu--main elementor-nav-menu__container elementor-nav-menu--layout-vertical e--pointer-background e--animation-fade\">\n\t\t\t\t<ul id=\"menu-1-f6d2561\" class=\"elementor-nav-menu sm-vertical\"><li class=\"menu-item menu-item-type-post_type menu-item-object-page menu-item-89708\"><a href=\"https:\/\/tda-hr.de\/en\/service\/\" class=\"elementor-item\">Service und Support<\/a><\/li>\n<li class=\"menu-item menu-item-type-post_type menu-item-object-page menu-item-privacy-policy menu-item-89704\"><a rel=\"privacy-policy\" href=\"https:\/\/tda-hr.de\/en\/datenschutz-2\/\" class=\"elementor-item\">Datenschutzerkl\u00e4rung<\/a><\/li>\n<li class=\"menu-item menu-item-type-post_type menu-item-object-page menu-item-89705\"><a href=\"https:\/\/tda-hr.de\/en\/impressum-2\/\" class=\"elementor-item\">Impressum<\/a><\/li>\n<\/ul>\t\t\t<\/nav>\n\t\t\t\t\t<div class=\"elementor-menu-toggle\" role=\"button\" tabindex=\"0\" aria-label=\"Menu Toggle\" aria-expanded=\"false\">\n\t\t\t<i aria-hidden=\"true\" role=\"presentation\" class=\"elementor-menu-toggle__icon--open eicon-menu-bar\"><\/i><i aria-hidden=\"true\" role=\"presentation\" class=\"elementor-menu-toggle__icon--close eicon-close\"><\/i>\t\t\t<span class=\"elementor-screen-only\">Menu<\/span>\n\t\t<\/div>\n\t\t\t\t\t<nav class=\"elementor-nav-menu--dropdown elementor-nav-menu__container\" aria-hidden=\"true\">\n\t\t\t\t<ul id=\"menu-2-f6d2561\" class=\"elementor-nav-menu sm-vertical\"><li class=\"menu-item menu-item-type-post_type menu-item-object-page menu-item-89708\"><a href=\"https:\/\/tda-hr.de\/en\/service\/\" class=\"elementor-item\" tabindex=\"-1\">Service und Support<\/a><\/li>\n<li class=\"menu-item menu-item-type-post_type menu-item-object-page menu-item-privacy-policy menu-item-89704\"><a rel=\"privacy-policy\" href=\"https:\/\/tda-hr.de\/en\/datenschutz-2\/\" class=\"elementor-item\" tabindex=\"-1\">Datenschutzerkl\u00e4rung<\/a><\/li>\n<li class=\"menu-item menu-item-type-post_type menu-item-object-page menu-item-89705\"><a href=\"https:\/\/tda-hr.de\/en\/impressum-2\/\" class=\"elementor-item\" tabindex=\"-1\">Impressum<\/a><\/li>\n<\/ul>\t\t\t<\/nav>\n\t\t\t\t<\/div>\n\t\t\t\t<\/div>\n\t\t\t\t\t<\/div>\n\t\t<\/div>\n\t\t\t\t<div class=\"elementor-column elementor-col-25 elementor-top-column elementor-element elementor-element-99ea79c\" data-id=\"99ea79c\" data-element_type=\"column\">\n\t\t\t<div class=\"elementor-widget-wrap elementor-element-populated\">\n\t\t\t\t\t\t<div class=\"elementor-element elementor-element-b2b4618 elementor-widget elementor-widget-text-editor\" data-id=\"b2b4618\" data-element_type=\"widget\" data-widget_type=\"text-editor.default\">\n\t\t\t\t<div class=\"elementor-widget-container\">\n\t\t\t\t\t\t\t<p style=\"text-align: center;\">TDA-HR-Software-Entwicklungs GmbH<br \/>Schlo\u00df H\u00fclchrath 1 \u2013 Vorburg,<br \/>41516 Grevenbroich-H\u00fclchrath<\/p>\t\t\t\t\t\t<\/div>\n\t\t\t\t<\/div>\n\t\t\t\t<div class=\"elementor-element elementor-element-116629d elementor-widget elementor-widget-heading\" data-id=\"116629d\" data-element_type=\"widget\" data-widget_type=\"heading.default\">\n\t\t\t\t<div class=\"elementor-widget-container\">\n\t\t\t<h6 class=\"elementor-heading-title elementor-size-default\">Alle Rechte vorbehalten \u00a9 <br>\nTDA-HR-Software-Entwicklungs GmbH <\/h6>\t\t<\/div>\n\t\t\t\t<\/div>\n\t\t\t\t\t<\/div>\n\t\t<\/div>\n\t\t\t\t<div class=\"elementor-column elementor-col-25 elementor-top-column elementor-element elementor-element-3ab3a89\" data-id=\"3ab3a89\" data-element_type=\"column\">\n\t\t\t<div class=\"elementor-widget-wrap\">\n\t\t\t\t\t\t\t<\/div>\n\t\t<\/div>\n\t\t\t\t\t<\/div>\n\t\t<\/section>\n\t\t\t\t<section class=\"elementor-section elementor-top-section elementor-element elementor-element-a703585 elementor-section-boxed elementor-section-height-default elementor-section-height-default\" data-id=\"a703585\" data-element_type=\"section\">\n\t\t\t\t\t\t<div class=\"elementor-container elementor-column-gap-default\">\n\t\t\t\t\t<div class=\"elementor-column elementor-col-100 elementor-top-column elementor-element elementor-element-8d34918\" data-id=\"8d34918\" data-element_type=\"column\">\n\t\t\t<div class=\"elementor-widget-wrap\">\n\t\t\t\t\t\t\t<\/div>\n\t\t<\/div>\n\t\t\t\t\t<\/div>\n\t\t<\/section>\n\t\t\t\t<\/div>","protected":false},"excerpt":{"rendered":"<p>TDA-HR-Software-Entwicklungs GmbH Impressum Informationspflicht laut \u00a7 5 TMG. TDA-HR-Software-Entwicklungs GmbHSchlo\u00df H\u00fclchrath 1 \u2013 Vorburg,41516 Grevenbroich-H\u00fclchrath ,Deutschland UID-Nummer: DE815284428Register: HandelsregisterRegisternummer: HRB 15293Registergericht: Amtsgericht M\u00f6nchengladbach Tel.: 02182\/82714-0Fax: 02182\/82714-29E-Mail: mark.lohrer@tda-hr.de Gesch\u00e4ftsf\u00fchrer:Mark Lohrer TDA-HR-Software-Entwicklungs GmbHSchlo\u00df H\u00fclchrath 1 \u2013 Vorburg,41516 Grevenbroich-H\u00fclchrath Alle Rechte vorbehalten \u00a9 TDA-HR-Software-Entwicklungs GmbH<\/p>","protected":false},"author":1,"featured_media":0,"parent":0,"menu_order":0,"comment_status":"closed","ping_status":"closed","template":"elementor_header_footer","meta":{"_acf_changed":false,"_monsterinsights_skip_tracking":false,"_monsterinsights_sitenote_active":false,"_monsterinsights_sitenote_note":"","_monsterinsights_sitenote_category":0,"footnotes":""},"class_list":["post-45553","page","type-page","status-publish","hentry"],"acf":[],"_links":{"self":[{"href":"https:\/\/tda-hr.de\/en\/wp-json\/wp\/v2\/pages\/45553"}],"collection":[{"href":"https:\/\/tda-hr.de\/en\/wp-json\/wp\/v2\/pages"}],"about":[{"href":"https:\/\/tda-hr.de\/en\/wp-json\/wp\/v2\/types\/page"}],"author":[{"embeddable":true,"href":"https:\/\/tda-hr.de\/en\/wp-json\/wp\/v2\/users\/1"}],"replies":[{"embeddable":true,"href":"https:\/\/tda-hr.de\/en\/wp-json\/wp\/v2\/comments?post=45553"}],"version-history":[{"count":38,"href":"https:\/\/tda-hr.de\/en\/wp-json\/wp\/v2\/pages\/45553\/revisions"}],"predecessor-version":[{"id":113807,"href":"https:\/\/tda-hr.de\/en\/wp-json\/wp\/v2\/pages\/45553\/revisions\/113807"}],"wp:attachment":[{"href":"https:\/\/tda-hr.de\/en\/wp-json\/wp\/v2\/media?parent=45553"}],"curies":[{"name":"wp","href":"https:\/\/api.w.org\/{rel}","templated":true}]}}